{"id":16409,"date":"2024-03-14T04:56:59","date_gmt":"2024-03-14T01:56:59","guid":{"rendered":"https:\/\/www.cihanoglumimarlik.com\/?page_id=16409"},"modified":"2024-09-03T17:42:45","modified_gmt":"2024-09-03T14:42:45","slug":"ekibimiz-2","status":"publish","type":"page","link":"https:\/\/www.cihanoglumimarlik.com\/?page_id=16409","title":{"rendered":"Ekibimiz"},"content":{"rendered":"\t\t<div data-elementor-type=\"wp-page\" data-elementor-id=\"16409\" class=\"elementor elementor-16409\">\n\t\t\t\t<div class=\"wd-negative-gap elementor-element elementor-element-0cde45d e-flex e-con-boxed e-con e-parent\" data-id=\"0cde45d\" data-element_type=\"container\" data-settings=\"{&quot;content_width&quot;:&quot;boxed&quot;}\" data-core-v316-plus=\"true\">\n\t\t\t\t\t<div class=\"e-con-inner\">\n\t\t\t\t<div class=\"elementor-element elementor-element-779b289 elementor-widget elementor-widget-wd_text_block\" data-id=\"779b289\" data-element_type=\"widget\" data-widget_type=\"wd_text_block.default\">\n\t\t\t\t<div class=\"elementor-widget-container\">\n\t\t\t\t\t\t<link rel=\"stylesheet\" id=\"wd-text-block-css\" href=\"https:\/\/www.cihanoglumimarlik.com\/wp-content\/themes\/woodmart\/css\/parts\/el-text-block.min.css?ver=7.4.3\" type=\"text\/css\" media=\"all\" \/> \t\t\t\t\t<div class=\"wd-text-block reset-last-child text-center\">\n\t\t\t\n\t\t\t<h1>Ekibimiz<\/h1>\n\t\t\t\t\t<\/div>\n\t\t\t\t<\/div>\n\t\t\t\t<\/div>\n\t\t\t\t\t<\/div>\n\t\t\t\t<\/div>\n\t\t<div class=\"wd-negative-gap elementor-element elementor-element-2556b0c e-flex e-con-boxed e-con e-parent\" data-id=\"2556b0c\" data-element_type=\"container\" data-settings=\"{&quot;content_width&quot;:&quot;boxed&quot;}\" data-core-v316-plus=\"true\">\n\t\t\t\t\t<div class=\"e-con-inner\">\n\t\t\t\t<div class=\"elementor-element elementor-element-f1c669e elementor-widget elementor-widget-wd_timeline\" data-id=\"f1c669e\" data-element_type=\"widget\" data-widget_type=\"wd_timeline.default\">\n\t\t\t\t<div class=\"elementor-widget-container\">\n\t\t\t\t\t\t<link rel=\"stylesheet\" id=\"wd-timeline-css\" href=\"https:\/\/www.cihanoglumimarlik.com\/wp-content\/themes\/woodmart\/css\/parts\/el-timeline.min.css?ver=7.4.3\" type=\"text\/css\" media=\"all\" \/> \t\t\t\t\t<div class=\"wd-timeline-wrapper wd-item-default wd-line-default\">\n\t\t\t<div class=\"woodmart-timeline-line\">\n\t\t\t\t<span class=\"line-dot dot-start\"><\/span>\n\t\t\t\t<span class=\"line-dot dot-end\"><\/span>\n\t\t\t<\/div>\n\n\t\t\t<div class=\"wd-timeline\">\n\t\t\t\t\t\t\t\t\t\t\t\t\t\t\t\t\t\t\t\t<div class=\"wd-timeline-item wd-item-position-left elementor-repeater-item-c554b02\">\n\t\t\t\t\t\t\t<div class=\"woodmart-timeline-dot\"><\/div>\n\n\t\t\t\t\t\t\t<div class=\"timeline-col timeline-col-primary\">\n\t\t\t\t\t\t\t\t<span class=\"timeline-arrow\"><\/span>\n\t\t\t\t\t\t\t\t\t\t\t\t\t\t\t\t\t<div class=\"wd-timeline-image\">\n\t\t\t\t\t\t\t\t\t\t<img fetchpriority=\"high\" decoding=\"async\" width=\"252\" height=\"262\" src=\"https:\/\/www.cihanoglumimarlik.com\/wp-content\/uploads\/2024\/03\/siluet-e.png\" class=\"attachment-medium size-medium\" alt=\"\" srcset=\"https:\/\/www.cihanoglumimarlik.com\/wp-content\/uploads\/2024\/03\/siluet-e.png 252w, https:\/\/www.cihanoglumimarlik.com\/wp-content\/uploads\/2024\/03\/siluet-e-150x156.png 150w\" sizes=\"(max-width: 252px) 100vw, 252px\" \/>\t\t\t\t\t\t\t\t\t<\/div>\n\t\t\t\t\t\t\t\t\n\t\t\t\t\t\t\t\t\t\t\t\t\t\t\t\t\t<h4 class=\"wd-timeline-title\">\n\t\t\t\t\t\t\t\t\t\t\u00d6mer Pirim\t\t\t\t\t\t\t\t\t<\/h4>\n\t\t\t\t\t\t\t\t\n\t\t\t\t\t\t\t\t<div class=\"wd-timeline-content set-cont-mb-s reset-last-child\">\n\t\t\t\t\t\t\t\t\t<p>Mimar<\/p>\t\t\t\t\t\t\t\t<\/div>\n\t\t\t\t\t\t\t<\/div>\n\n\t\t\t\t\t\t\t<div class=\"timeline-col timeline-col-secondary\">\n\t\t\t\t\t\t\t\t<span class=\"timeline-arrow\"><\/span>\n\t\t\t\t\t\t\t\t\t\t\t\t\t\t\t\t\t<div class=\"wd-timeline-image\">\n\t\t\t\t\t\t\t\t\t\t<img fetchpriority=\"high\" decoding=\"async\" width=\"252\" height=\"262\" src=\"https:\/\/www.cihanoglumimarlik.com\/wp-content\/uploads\/2024\/03\/siluet-e.png\" class=\"attachment-medium size-medium\" alt=\"\" srcset=\"https:\/\/www.cihanoglumimarlik.com\/wp-content\/uploads\/2024\/03\/siluet-e.png 252w, https:\/\/www.cihanoglumimarlik.com\/wp-content\/uploads\/2024\/03\/siluet-e-150x156.png 150w\" sizes=\"(max-width: 252px) 100vw, 252px\" \/>\t\t\t\t\t\t\t\t\t<\/div>\n\t\t\t\t\t\t\t\t\n\t\t\t\t\t\t\t\t\t\t\t\t\t\t\t\t\t<h4 class=\"wd-timeline-title\">\n\t\t\t\t\t\t\t\t\t\tCihat Pirim\t\t\t\t\t\t\t\t\t<\/h4>\n\t\t\t\t\t\t\t\t\n\t\t\t\t\t\t\t\t<div class=\"wd-timeline-content set-cont-mb-s reset-last-child\">\n\t\t\t\t\t\t\t\t\t<p>\u0130n\u015faat M\u00fchendisi<\/p>\t\t\t\t\t\t\t\t<\/div>\n\t\t\t\t\t\t\t<\/div>\n\t\t\t\t\t\t<\/div>\n\t\t\t\t\t\t\t\t\t\t\t\t<\/div>\n\t\t<\/div>\n\t\t\t\t<\/div>\n\t\t\t\t<\/div>\n\t\t\t\t\t<\/div>\n\t\t\t\t<\/div>\n\t\t\t\t<\/div>\n\t\t","protected":false},"excerpt":{"rendered":"<p>Ekibimiz \u00d6mer Pirim Mimar Cihat Pirim \u0130n\u015faat M\u00fchendisi<\/p>\n","protected":false},"author":1,"featured_media":0,"parent":0,"menu_order":0,"comment_status":"closed","ping_status":"closed","template":"","meta":{"footnotes":""},"class_list":["post-16409","page","type-page","status-publish","hentry"],"_links":{"self":[{"href":"https:\/\/www.cihanoglumimarlik.com\/index.php?rest_route=\/wp\/v2\/pages\/16409","targetHints":{"allow":["GET"]}}],"collection":[{"href":"https:\/\/www.cihanoglumimarlik.com\/index.php?rest_route=\/wp\/v2\/pages"}],"about":[{"href":"https:\/\/www.cihanoglumimarlik.com\/index.php?rest_route=\/wp\/v2\/types\/page"}],"author":[{"embeddable":true,"href":"https:\/\/www.cihanoglumimarlik.com\/index.php?rest_route=\/wp\/v2\/users\/1"}],"replies":[{"embeddable":true,"href":"https:\/\/www.cihanoglumimarlik.com\/index.php?rest_route=%2Fwp%2Fv2%2Fcomments&post=16409"}],"version-history":[{"count":19,"href":"https:\/\/www.cihanoglumimarlik.com\/index.php?rest_route=\/wp\/v2\/pages\/16409\/revisions"}],"predecessor-version":[{"id":16862,"href":"https:\/\/www.cihanoglumimarlik.com\/index.php?rest_route=\/wp\/v2\/pages\/16409\/revisions\/16862"}],"wp:attachment":[{"href":"https:\/\/www.cihanoglumimarlik.com\/index.php?rest_route=%2Fwp%2Fv2%2Fmedia&parent=16409"}],"curies":[{"name":"wp","href":"https:\/\/api.w.org\/{rel}","templated":true}]}}