{"id":16212,"date":"2024-03-12T05:43:11","date_gmt":"2024-03-12T02:43:11","guid":{"rendered":"https:\/\/www.cihanoglumimarlik.com\/?page_id=16212"},"modified":"2024-03-22T12:41:34","modified_gmt":"2024-03-22T09:41:34","slug":"referanslar","status":"publish","type":"page","link":"https:\/\/www.cihanoglumimarlik.com\/?page_id=16212","title":{"rendered":"Referanslar"},"content":{"rendered":"\t\t<div data-elementor-type=\"wp-page\" data-elementor-id=\"16212\" class=\"elementor elementor-16212\">\n\t\t\t\t\t\t<section class=\"elementor-section elementor-top-section elementor-element elementor-element-2c98b9a wd-section-stretch-content elementor-section-full_width elementor-section-height-default elementor-section-height-default\" data-id=\"2c98b9a\" data-element_type=\"section\" data-settings=\"{&quot;background_background&quot;:&quot;classic&quot;}\">\n\t\t\t\t\t\t<div class=\"elementor-container elementor-column-gap-default\">\n\t\t\t\t\t<div class=\"elementor-column elementor-col-100 elementor-top-column elementor-element elementor-element-a062bfb\" data-id=\"a062bfb\" data-element_type=\"column\">\n\t\t\t<div class=\"elementor-widget-wrap elementor-element-populated\">\n\t\t\t\t\t\t<div class=\"elementor-element elementor-element-663efcf6 wd-width-100 elementor-widget elementor-widget-wd_title\" data-id=\"663efcf6\" data-element_type=\"widget\" data-widget_type=\"wd_title.default\">\n\t\t\t\t<div class=\"elementor-widget-container\">\n\t\t\t\t\t\t<link rel=\"stylesheet\" id=\"wd-section-title-css\" href=\"https:\/\/www.cihanoglumimarlik.com\/wp-content\/themes\/woodmart\/css\/parts\/el-section-title.min.css?ver=7.4.3\" type=\"text\/css\" media=\"all\" \/> \t\t\t\t\t<div class=\"title-wrapper set-mb-s reset-last-child wd-title-color-white wd-title-style-default wd-title-size-default text-center\">\n\n\t\t\t\t\t\t\t<div class=\"title-subtitle subtitle-color-white subtitle-style-default wd-fontsize-xs\">\n\t\t\t\t\tReferanslar\t\t\t\t<\/div>\n\t\t\t\n\t\t\t<div class=\"liner-continer\">\n\t\t\t\t<h4 class=\"woodmart-title-container title wd-fontsize-l\">Cihano\u011flu Mimarl\u0131k<\/h4> \n\t\t\t\t\t\t\t<\/div>\n\n\t\t\t\t\t\t\t<div class=\"title-after_title set-cont-mb-s reset-last-child wd-fontsize-xs\">\n\t\t\t\t\t<p>&nbsp;<\/p><p>Referanslar\u0131m\u0131z\u0131 a\u015fa\u011f\u0131dan inceleyebilirsiniz.<\/p>\t\t\t\t<\/div>\n\t\t\t\t\t<\/div>\n\t\t\t\t<\/div>\n\t\t\t\t<\/div>\n\t\t\t\t<div class=\"elementor-element elementor-element-c80e8ce elementor-widget__width-inherit wd-width-100 elementor-widget elementor-widget-wd_images_gallery\" data-id=\"c80e8ce\" data-element_type=\"widget\" data-widget_type=\"wd_images_gallery.default\">\n\t\t\t\t<div class=\"elementor-widget-container\">\n\t\t\t\t\t\t<link rel=\"stylesheet\" id=\"wd-photoswipe-css\" href=\"https:\/\/www.cihanoglumimarlik.com\/wp-content\/themes\/woodmart\/css\/parts\/lib-photoswipe.min.css?ver=7.4.3\" type=\"text\/css\" media=\"all\" \/> \t\t\t\t\t\t<link rel=\"stylesheet\" id=\"wd-image-gallery-css\" href=\"https:\/\/www.cihanoglumimarlik.com\/wp-content\/themes\/woodmart\/css\/parts\/el-gallery.min.css?ver=7.4.3\" type=\"text\/css\" media=\"all\" \/> \t\t\t\t\t<div class=\"wd-images-gallery photoswipe-images\" style=\"--wd-align-items:center; --wd-justify-content:center;\">\n\t\t\t\t\t\t<div class=\"wd-grid-g\" style=\"--wd-col-lg:4;--wd-col-md:4;--wd-col-sm:1;--wd-gap-lg:0px;\" >\n\t\t\t\t\t\t\t\t\t\t\t\t\t\t\t\t\t\t<div class=\"wd-gallery-item wd-col\">\n\t\t\t\t\t\t\t\t\t\t\t\t\t<a  href=\"https:\/\/www.cihanoglumimarlik.com\/wp-content\/uploads\/2024\/03\/ARIFOGULLARI-INSAAT-2.png\"data-width=\"1240\" data-height=\"1240\" data-index=\"1\" data-elementor-open-lightbox=\"no\">\n\t\t\t\t\t\t\n\t\t\t\t\t\t<img decoding=\"async\" src=\"https:\/\/www.cihanoglumimarlik.com\/wp-content\/uploads\/2024\/03\/ARIFOGULLARI-INSAAT-2.png\"alt=\"AR\u0130FO\u011eULLARI \u0130N\u015eAAT\">\n\t\t\t\t\t\t\t\t\t\t\t\t\t<\/a>\n\t\t\t\t\t\t\t\t\t\t\t<\/div>\n\t\t\t\t\t\t\t\t\t\t\t\t\t\t\t<div class=\"wd-gallery-item wd-col\">\n\t\t\t\t\t\t\t\t\t\t\t\t\t<a  href=\"https:\/\/www.cihanoglumimarlik.com\/wp-content\/uploads\/2024\/03\/ART-EMLAK-2.png\"data-width=\"1240\" data-height=\"1240\" data-index=\"2\" data-elementor-open-lightbox=\"no\">\n\t\t\t\t\t\t\n\t\t\t\t\t\t<img decoding=\"async\" src=\"https:\/\/www.cihanoglumimarlik.com\/wp-content\/uploads\/2024\/03\/ART-EMLAK-2.png\"alt=\"ART EMLAK\">\n\t\t\t\t\t\t\t\t\t\t\t\t\t<\/a>\n\t\t\t\t\t\t\t\t\t\t\t<\/div>\n\t\t\t\t\t\t\t\t\t\t\t\t\t\t\t<div class=\"wd-gallery-item wd-col\">\n\t\t\t\t\t\t\t\t\t\t\t\t\t<a  href=\"https:\/\/www.cihanoglumimarlik.com\/wp-content\/uploads\/2024\/03\/BEYLIKDUZU-MATBAACILAR-SITESI-2.png\"data-width=\"1240\" data-height=\"1240\" data-index=\"3\" data-elementor-open-lightbox=\"no\">\n\t\t\t\t\t\t\n\t\t\t\t\t\t<img decoding=\"async\" src=\"https:\/\/www.cihanoglumimarlik.com\/wp-content\/uploads\/2024\/03\/BEYLIKDUZU-MATBAACILAR-SITESI-2.png\"alt=\"BEYL\u0130KD\u00dcZ\u00dc MATBAACILAR S\u0130TES\u0130\">\n\t\t\t\t\t\t\t\t\t\t\t\t\t<\/a>\n\t\t\t\t\t\t\t\t\t\t\t<\/div>\n\t\t\t\t\t\t\t\t\t\t\t\t\t\t\t<div class=\"wd-gallery-item wd-col\">\n\t\t\t\t\t\t\t\t\t\t\t\t\t<a  href=\"https:\/\/www.cihanoglumimarlik.com\/wp-content\/uploads\/2024\/03\/DUHAN-GRUP-2.png\"data-width=\"1240\" data-height=\"1240\" data-index=\"4\" data-elementor-open-lightbox=\"no\">\n\t\t\t\t\t\t\n\t\t\t\t\t\t<img decoding=\"async\" src=\"https:\/\/www.cihanoglumimarlik.com\/wp-content\/uploads\/2024\/03\/DUHAN-GRUP-2.png\"alt=\"DUHAN GRUP\">\n\t\t\t\t\t\t\t\t\t\t\t\t\t<\/a>\n\t\t\t\t\t\t\t\t\t\t\t<\/div>\n\t\t\t\t\t\t\t\t\t\t\t\t\t\t\t<div class=\"wd-gallery-item wd-col\">\n\t\t\t\t\t\t\t\t\t\t\t\t\t<a  href=\"https:\/\/www.cihanoglumimarlik.com\/wp-content\/uploads\/2024\/03\/GALA-TEKS-ORME-INSAAT-2.png\"data-width=\"1240\" data-height=\"1240\" data-index=\"5\" data-elementor-open-lightbox=\"no\">\n\t\t\t\t\t\t\n\t\t\t\t\t\t<img decoding=\"async\" src=\"https:\/\/www.cihanoglumimarlik.com\/wp-content\/uploads\/2024\/03\/GALA-TEKS-ORME-INSAAT-2.png\"alt=\"GALA TEKS \u00d6RME \u0130N\u015eAAT\">\n\t\t\t\t\t\t\t\t\t\t\t\t\t<\/a>\n\t\t\t\t\t\t\t\t\t\t\t<\/div>\n\t\t\t\t\t\t\t\t\t\t\t\t\t\t\t<div class=\"wd-gallery-item wd-col\">\n\t\t\t\t\t\t\t\t\t\t\t\t\t<a  href=\"https:\/\/www.cihanoglumimarlik.com\/wp-content\/uploads\/2024\/03\/GALATA-EGITIM-KURUMLARI-3.png\"data-width=\"1240\" data-height=\"1240\" data-index=\"6\" data-elementor-open-lightbox=\"no\">\n\t\t\t\t\t\t\n\t\t\t\t\t\t<img decoding=\"async\" src=\"https:\/\/www.cihanoglumimarlik.com\/wp-content\/uploads\/2024\/03\/GALATA-EGITIM-KURUMLARI-3.png\"alt=\"GALATA E\u011e\u0130T\u0130M KURUMLARI\">\n\t\t\t\t\t\t\t\t\t\t\t\t\t<\/a>\n\t\t\t\t\t\t\t\t\t\t\t<\/div>\n\t\t\t\t\t\t\t\t\t\t\t\t\t\t\t<div class=\"wd-gallery-item wd-col\">\n\t\t\t\t\t\t\t\t\t\t\t\t\t<a  href=\"https:\/\/www.cihanoglumimarlik.com\/wp-content\/uploads\/2024\/03\/HALIC-MIMARI.png\"data-width=\"1240\" data-height=\"1240\" data-index=\"7\" data-elementor-open-lightbox=\"no\">\n\t\t\t\t\t\t\n\t\t\t\t\t\t<img decoding=\"async\" src=\"https:\/\/www.cihanoglumimarlik.com\/wp-content\/uploads\/2024\/03\/HALIC-MIMARI.png\"alt=\"HAL\u0130\u00c7 M\u0130MAR\u0130\">\n\t\t\t\t\t\t\t\t\t\t\t\t\t<\/a>\n\t\t\t\t\t\t\t\t\t\t\t<\/div>\n\t\t\t\t\t\t\t\t\t\t\t\t\t\t\t<div class=\"wd-gallery-item wd-col\">\n\t\t\t\t\t\t\t\t\t\t\t\t\t<a  href=\"https:\/\/www.cihanoglumimarlik.com\/wp-content\/uploads\/2024\/03\/KARLIDAG-INSAAT-3.png\"data-width=\"1240\" data-height=\"1240\" data-index=\"8\" data-elementor-open-lightbox=\"no\">\n\t\t\t\t\t\t\n\t\t\t\t\t\t<img decoding=\"async\" src=\"https:\/\/www.cihanoglumimarlik.com\/wp-content\/uploads\/2024\/03\/KARLIDAG-INSAAT-3.png\"alt=\"KARLIDA\u011e \u0130N\u015eAAT\">\n\t\t\t\t\t\t\t\t\t\t\t\t\t<\/a>\n\t\t\t\t\t\t\t\t\t\t\t<\/div>\n\t\t\t\t\t\t\t\t\t\t\t\t\t\t\t<div class=\"wd-gallery-item wd-col\">\n\t\t\t\t\t\t\t\t\t\t\t\t\t<a  href=\"https:\/\/www.cihanoglumimarlik.com\/wp-content\/uploads\/2024\/03\/KOREL-KONTEYNER-1-1.png\"data-width=\"1240\" data-height=\"1240\" data-index=\"9\" data-elementor-open-lightbox=\"no\">\n\t\t\t\t\t\t\n\t\t\t\t\t\t<img decoding=\"async\" src=\"https:\/\/www.cihanoglumimarlik.com\/wp-content\/uploads\/2024\/03\/KOREL-KONTEYNER-1-1.png\"alt=\"KOREL KONTEYNER 1\">\n\t\t\t\t\t\t\t\t\t\t\t\t\t<\/a>\n\t\t\t\t\t\t\t\t\t\t\t<\/div>\n\t\t\t\t\t\t\t\t\t\t\t\t\t\t\t<div class=\"wd-gallery-item wd-col\">\n\t\t\t\t\t\t\t\t\t\t\t\t\t<a  href=\"https:\/\/www.cihanoglumimarlik.com\/wp-content\/uploads\/2024\/03\/SAHRA-SEHIRCILIK.png\"data-width=\"1240\" data-height=\"1240\" data-index=\"10\" data-elementor-open-lightbox=\"no\">\n\t\t\t\t\t\t\n\t\t\t\t\t\t<img decoding=\"async\" src=\"https:\/\/www.cihanoglumimarlik.com\/wp-content\/uploads\/2024\/03\/SAHRA-SEHIRCILIK.png\"alt=\"SAHRA \u015eEH\u0130RC\u0130L\u0130K\">\n\t\t\t\t\t\t\t\t\t\t\t\t\t<\/a>\n\t\t\t\t\t\t\t\t\t\t\t<\/div>\n\t\t\t\t\t\t\t\t\t\t\t\t\t\t\t<div class=\"wd-gallery-item wd-col\">\n\t\t\t\t\t\t\t\t\t\t\t\t\t<a  href=\"https:\/\/www.cihanoglumimarlik.com\/wp-content\/uploads\/2024\/03\/SANICA-GROUP-2.png\"data-width=\"1240\" data-height=\"1240\" data-index=\"11\" data-elementor-open-lightbox=\"no\">\n\t\t\t\t\t\t\n\t\t\t\t\t\t<img decoding=\"async\" src=\"https:\/\/www.cihanoglumimarlik.com\/wp-content\/uploads\/2024\/03\/SANICA-GROUP-2.png\"alt=\"SANICA GROUP\">\n\t\t\t\t\t\t\t\t\t\t\t\t\t<\/a>\n\t\t\t\t\t\t\t\t\t\t\t<\/div>\n\t\t\t\t\t\t\t\t\t\t\t\t\t\t\t<div class=\"wd-gallery-item wd-col\">\n\t\t\t\t\t\t\t\t\t\t\t\t\t<a  href=\"https:\/\/www.cihanoglumimarlik.com\/wp-content\/uploads\/2024\/03\/SANLI-INSAAT.png\"data-width=\"1240\" data-height=\"1240\" data-index=\"12\" data-elementor-open-lightbox=\"no\">\n\t\t\t\t\t\t\n\t\t\t\t\t\t<img decoding=\"async\" src=\"https:\/\/www.cihanoglumimarlik.com\/wp-content\/uploads\/2024\/03\/SANLI-INSAAT.png\"alt=\"\u015eANLI \u0130N\u015eAAT\">\n\t\t\t\t\t\t\t\t\t\t\t\t\t<\/a>\n\t\t\t\t\t\t\t\t\t\t\t<\/div>\n\t\t\t\t\t\t\t\t\t\t\t\t\t<\/div>\n\t\t\t\t\t<\/div>\n\t\t\t\t<\/div>\n\t\t\t\t<\/div>\n\t\t\t\t\t<\/div>\n\t\t<\/div>\n\t\t\t\t\t<\/div>\n\t\t<\/section>\n\t\t\t\t<\/div>\n\t\t","protected":false},"excerpt":{"rendered":"<p>Referanslar Cihano\u011flu Mimarl\u0131k &nbsp; Referanslar\u0131m\u0131z\u0131 a\u015fa\u011f\u0131dan inceleyebilirsiniz.<\/p>\n","protected":false},"author":1,"featured_media":0,"parent":0,"menu_order":0,"comment_status":"closed","ping_status":"closed","template":"","meta":{"footnotes":""},"class_list":["post-16212","page","type-page","status-publish","hentry"],"_links":{"self":[{"href":"https:\/\/www.cihanoglumimarlik.com\/index.php?rest_route=\/wp\/v2\/pages\/16212","targetHints":{"allow":["GET"]}}],"collection":[{"href":"https:\/\/www.cihanoglumimarlik.com\/index.php?rest_route=\/wp\/v2\/pages"}],"about":[{"href":"https:\/\/www.cihanoglumimarlik.com\/index.php?rest_route=\/wp\/v2\/types\/page"}],"author":[{"embeddable":true,"href":"https:\/\/www.cihanoglumimarlik.com\/index.php?rest_route=\/wp\/v2\/users\/1"}],"replies":[{"embeddable":true,"href":"https:\/\/www.cihanoglumimarlik.com\/index.php?rest_route=%2Fwp%2Fv2%2Fcomments&post=16212"}],"version-history":[{"count":22,"href":"https:\/\/www.cihanoglumimarlik.com\/index.php?rest_route=\/wp\/v2\/pages\/16212\/revisions"}],"predecessor-version":[{"id":16681,"href":"https:\/\/www.cihanoglumimarlik.com\/index.php?rest_route=\/wp\/v2\/pages\/16212\/revisions\/16681"}],"wp:attachment":[{"href":"https:\/\/www.cihanoglumimarlik.com\/index.php?rest_route=%2Fwp%2Fv2%2Fmedia&parent=16212"}],"curies":[{"name":"wp","href":"https:\/\/api.w.org\/{rel}","templated":true}]}}